{"id":782,"date":"2024-10-17T03:08:09","date_gmt":"2024-10-17T03:08:09","guid":{"rendered":"http:\/\/shmuel"},"modified":"2025-06-04T16:37:10","modified_gmt":"2025-06-04T16:37:10","slug":"classic","status":"publish","type":"product","link":"https:\/\/xn--cafetio-9za.com\/index.php\/producto\/classic\/","title":{"rendered":"Frapuccino Original"},"content":{"rendered":"<p class=\"p1\">Base en polvo neutra de mezclas de alta calidad sabor caf\u00e9 original, dise\u00f1ada para elaborar bebidas frapp\u00e9 de especialidad. 1kg.<\/p>\n<p><a href=\"http:\/\/xn--cafetio-9za.com\/wp-content\/uploads\/2025\/03\/CT_FT-FrappeOG.pdf\" target=\"_blank\" rel=\"noopener\"><span style=\"text-decoration: underline;\">Ficha T\u00e9cnica<\/span><\/a><\/p>\n","protected":false},"excerpt":{"rendered":"<p>Base en polvo neutra de mezclas de alta calidad sabor caf\u00e9 original, dise\u00f1ada para elaborar bebidas frapp\u00e9 de especialidad. 1kg.<\/p>\n","protected":false},"featured_media":1295,"comment_status":"open","ping_status":"closed","template":"","meta":[],"product_cat":[33],"product_tag":[32],"class_list":{"0":"post-782","1":"product","2":"type-product","3":"status-publish","4":"has-post-thumbnail","6":"product_cat-frapuccino","7":"product_tag-frapuccino","9":"first","10":"instock","11":"shipping-taxable","12":"product-type-simple"},"_links":{"self":[{"href":"https:\/\/xn--cafetio-9za.com\/index.php\/wp-json\/wp\/v2\/product\/782","targetHints":{"allow":["GET"]}}],"collection":[{"href":"https:\/\/xn--cafetio-9za.com\/index.php\/wp-json\/wp\/v2\/product"}],"about":[{"href":"https:\/\/xn--cafetio-9za.com\/index.php\/wp-json\/wp\/v2\/types\/product"}],"replies":[{"embeddable":true,"href":"https:\/\/xn--cafetio-9za.com\/index.php\/wp-json\/wp\/v2\/comments?post=782"}],"version-history":[{"count":2,"href":"https:\/\/xn--cafetio-9za.com\/index.php\/wp-json\/wp\/v2\/product\/782\/revisions"}],"predecessor-version":[{"id":1285,"href":"https:\/\/xn--cafetio-9za.com\/index.php\/wp-json\/wp\/v2\/product\/782\/revisions\/1285"}],"wp:featuredmedia":[{"embeddable":true,"href":"https:\/\/xn--cafetio-9za.com\/index.php\/wp-json\/wp\/v2\/media\/1295"}],"wp:attachment":[{"href":"https:\/\/xn--cafetio-9za.com\/index.php\/wp-json\/wp\/v2\/media?parent=782"}],"wp:term":[{"taxonomy":"product_cat","embeddable":true,"href":"https:\/\/xn--cafetio-9za.com\/index.php\/wp-json\/wp\/v2\/product_cat?post=782"},{"taxonomy":"product_tag","embeddable":true,"href":"https:\/\/xn--cafetio-9za.com\/index.php\/wp-json\/wp\/v2\/product_tag?post=782"}],"curies":[{"name":"wp","href":"https:\/\/api.w.org\/{rel}","templated":true}]}}