{"id":779,"date":"2024-10-17T03:08:09","date_gmt":"2024-10-17T03:08:09","guid":{"rendered":"http:\/\/shmuel"},"modified":"2024-11-04T16:20:45","modified_gmt":"2024-11-04T16:20:45","slug":"lemon-set","status":"publish","type":"product","link":"https:\/\/xn--cafetio-9za.com\/index.php\/producto\/lemon-set\/","title":{"rendered":"Azucar"},"content":{"rendered":"<p>En Cafeti\u00f1o, tambi\u00e9n proporcionamos sobres de az\u00facar. Nos esforzamos por mantener nuestro compromiso con la calidad y precios competitivos, los cuales complementan a la perfecci\u00f3n cualquier bebida, ya sea caliente o fr\u00eda. 4gr\/1,000 sobres.<\/p>\n","protected":false},"excerpt":{"rendered":"<p>En Cafeti\u00f1o, tambi\u00e9n proporcionamos sobres de az\u00facar. Nos esforzamos por mantener nuestro compromiso con la calidad y precios competitivos, los cuales complementan a la perfecci\u00f3n cualquier bebida, ya sea caliente o fr\u00eda. 4gr\/1,000 sobres.<\/p>\n","protected":false},"featured_media":1011,"comment_status":"open","ping_status":"closed","template":"","meta":[],"product_cat":[29],"product_tag":[35],"class_list":{"0":"post-779","1":"product","2":"type-product","3":"status-publish","4":"has-post-thumbnail","6":"product_cat-azucar","7":"product_tag-azucar","9":"first","10":"instock","11":"shipping-taxable","12":"product-type-simple"},"_links":{"self":[{"href":"https:\/\/xn--cafetio-9za.com\/index.php\/wp-json\/wp\/v2\/product\/779","targetHints":{"allow":["GET"]}}],"collection":[{"href":"https:\/\/xn--cafetio-9za.com\/index.php\/wp-json\/wp\/v2\/product"}],"about":[{"href":"https:\/\/xn--cafetio-9za.com\/index.php\/wp-json\/wp\/v2\/types\/product"}],"replies":[{"embeddable":true,"href":"https:\/\/xn--cafetio-9za.com\/index.php\/wp-json\/wp\/v2\/comments?post=779"}],"version-history":[{"count":1,"href":"https:\/\/xn--cafetio-9za.com\/index.php\/wp-json\/wp\/v2\/product\/779\/revisions"}],"predecessor-version":[{"id":1012,"href":"https:\/\/xn--cafetio-9za.com\/index.php\/wp-json\/wp\/v2\/product\/779\/revisions\/1012"}],"wp:featuredmedia":[{"embeddable":true,"href":"https:\/\/xn--cafetio-9za.com\/index.php\/wp-json\/wp\/v2\/media\/1011"}],"wp:attachment":[{"href":"https:\/\/xn--cafetio-9za.com\/index.php\/wp-json\/wp\/v2\/media?parent=779"}],"wp:term":[{"taxonomy":"product_cat","embeddable":true,"href":"https:\/\/xn--cafetio-9za.com\/index.php\/wp-json\/wp\/v2\/product_cat?post=779"},{"taxonomy":"product_tag","embeddable":true,"href":"https:\/\/xn--cafetio-9za.com\/index.php\/wp-json\/wp\/v2\/product_tag?post=779"}],"curies":[{"name":"wp","href":"https:\/\/api.w.org\/{rel}","templated":true}]}}