{"id":1298,"date":"2025-06-04T21:14:13","date_gmt":"2025-06-04T21:14:13","guid":{"rendered":"https:\/\/xn--cafetio-9za.com\/?post_type=product&#038;p=1298"},"modified":"2025-06-04T21:23:26","modified_gmt":"2025-06-04T21:23:26","slug":"azucar-mascabado","status":"publish","type":"product","link":"https:\/\/xn--cafetio-9za.com\/index.php\/producto\/azucar-mascabado\/","title":{"rendered":"Az\u00facar Mascabado"},"content":{"rendered":"<p>En Cafeti\u00f1o, tambi\u00e9n proporcionamos sobres de az\u00facar. Nos esforzamos por mantener nuestro compromiso con la calidad y precios competitivos, los cuales complementan a la perfecci\u00f3n cualquier bebida, ya sea caliente o fr\u00eda. 4gr\/1,000 sobres.<\/p>\n","protected":false},"excerpt":{"rendered":"<p>En Cafeti\u00f1o, tambi\u00e9n proporcionamos sobres de az\u00facar. Nos esforzamos por mantener nuestro compromiso con la calidad y precios competitivos, los cuales complementan a la perfecci\u00f3n cualquier bebida, ya sea caliente o fr\u00eda. 4gr\/1,000 sobres.<\/p>\n","protected":false},"featured_media":1299,"comment_status":"open","ping_status":"closed","template":"","meta":[],"product_cat":[29],"product_tag":[35],"class_list":{"0":"post-1298","1":"product","2":"type-product","3":"status-publish","4":"has-post-thumbnail","6":"product_cat-azucar","7":"product_tag-azucar","9":"first","10":"instock","11":"shipping-taxable","12":"product-type-simple"},"_links":{"self":[{"href":"https:\/\/xn--cafetio-9za.com\/index.php\/wp-json\/wp\/v2\/product\/1298","targetHints":{"allow":["GET"]}}],"collection":[{"href":"https:\/\/xn--cafetio-9za.com\/index.php\/wp-json\/wp\/v2\/product"}],"about":[{"href":"https:\/\/xn--cafetio-9za.com\/index.php\/wp-json\/wp\/v2\/types\/product"}],"replies":[{"embeddable":true,"href":"https:\/\/xn--cafetio-9za.com\/index.php\/wp-json\/wp\/v2\/comments?post=1298"}],"version-history":[{"count":2,"href":"https:\/\/xn--cafetio-9za.com\/index.php\/wp-json\/wp\/v2\/product\/1298\/revisions"}],"predecessor-version":[{"id":1301,"href":"https:\/\/xn--cafetio-9za.com\/index.php\/wp-json\/wp\/v2\/product\/1298\/revisions\/1301"}],"wp:featuredmedia":[{"embeddable":true,"href":"https:\/\/xn--cafetio-9za.com\/index.php\/wp-json\/wp\/v2\/media\/1299"}],"wp:attachment":[{"href":"https:\/\/xn--cafetio-9za.com\/index.php\/wp-json\/wp\/v2\/media?parent=1298"}],"wp:term":[{"taxonomy":"product_cat","embeddable":true,"href":"https:\/\/xn--cafetio-9za.com\/index.php\/wp-json\/wp\/v2\/product_cat?post=1298"},{"taxonomy":"product_tag","embeddable":true,"href":"https:\/\/xn--cafetio-9za.com\/index.php\/wp-json\/wp\/v2\/product_tag?post=1298"}],"curies":[{"name":"wp","href":"https:\/\/api.w.org\/{rel}","templated":true}]}}